{"id":599,"date":"2022-10-23T13:17:47","date_gmt":"2022-10-23T11:17:47","guid":{"rendered":"http:\/\/silicontec.de\/?page_id=599"},"modified":"2022-10-24T08:10:11","modified_gmt":"2022-10-24T06:10:11","slug":"informationen","status":"publish","type":"page","link":"https:\/\/silicontec.de\/?page_id=599","title":{"rendered":"Informationen"},"content":{"rendered":"\t\t<div data-elementor-type=\"wp-page\" data-elementor-id=\"599\" class=\"elementor elementor-599\">\n\t\t\t\t\t\t\t\t\t<section class=\"elementor-section elementor-top-section elementor-element elementor-element-8218f32 elementor-section-full_width elementor-section-stretched elementor-section-content-middle elementor-section-height-default elementor-section-height-default\" data-id=\"8218f32\" data-element_type=\"section\" data-settings=\"{&quot;stretch_section&quot;:&quot;section-stretched&quot;,&quot;background_background&quot;:&quot;classic&quot;}\">\n\t\t\t\t\t\t<div class=\"elementor-container elementor-column-gap-default\">\n\t\t\t\t\t<div class=\"elementor-column elementor-col-100 elementor-top-column elementor-element elementor-element-3ff1fdc\" data-id=\"3ff1fdc\" data-element_type=\"column\" data-settings=\"{&quot;background_background&quot;:&quot;classic&quot;}\">\n\t\t\t<div class=\"elementor-widget-wrap elementor-element-populated\">\n\t\t\t\t\t\t\t\t<div class=\"elementor-element elementor-element-2c09ed7 elementor-widget elementor-widget-heading\" data-id=\"2c09ed7\" data-element_type=\"widget\" data-widget_type=\"heading.default\">\n\t\t\t\t<div class=\"elementor-widget-container\">\n\t\t\t<style>\/*! elementor - v3.7.8 - 02-10-2022 *\/\n.elementor-heading-title{padding:0;margin:0;line-height:1}.elementor-widget-heading .elementor-heading-title[class*=elementor-size-]>a{color:inherit;font-size:inherit;line-height:inherit}.elementor-widget-heading .elementor-heading-title.elementor-size-small{font-size:15px}.elementor-widget-heading .elementor-heading-title.elementor-size-medium{font-size:19px}.elementor-widget-heading .elementor-heading-title.elementor-size-large{font-size:29px}.elementor-widget-heading .elementor-heading-title.elementor-size-xl{font-size:39px}.elementor-widget-heading .elementor-heading-title.elementor-size-xxl{font-size:59px}<\/style><h1 class=\"elementor-heading-title elementor-size-default\">Silikonfugen sind Wartungsfugen!<\/h1>\t\t<\/div>\n\t\t\t\t<\/div>\n\t\t\t\t<div class=\"elementor-element elementor-element-16855df elementor-widget elementor-widget-text-editor\" data-id=\"16855df\" data-element_type=\"widget\" data-widget_type=\"text-editor.default\">\n\t\t\t\t<div class=\"elementor-widget-container\">\n\t\t\t<style>\/*! elementor - v3.7.8 - 02-10-2022 *\/\n.elementor-widget-text-editor.elementor-drop-cap-view-stacked .elementor-drop-cap{background-color:#818a91;color:#fff}.elementor-widget-text-editor.elementor-drop-cap-view-framed .elementor-drop-cap{color:#818a91;border:3px solid;background-color:transparent}.elementor-widget-text-editor:not(.elementor-drop-cap-view-default) .elementor-drop-cap{margin-top:8px}.elementor-widget-text-editor:not(.elementor-drop-cap-view-default) .elementor-drop-cap-letter{width:1em;height:1em}.elementor-widget-text-editor .elementor-drop-cap{float:left;text-align:center;line-height:1;font-size:50px}.elementor-widget-text-editor .elementor-drop-cap-letter{display:inline-block}<\/style>\t\t\t\t<p><img loading=\"lazy\" decoding=\"async\" class=\"wp-image-272 alignleft\" src=\"http:\/\/silicontec.de\/wp-content\/uploads\/2022\/10\/6-1-2000x1468-800x587-1-300x220.jpg\" alt=\"\" width=\"316\" height=\"232\" srcset=\"https:\/\/silicontec.de\/wp-content\/uploads\/2022\/10\/6-1-2000x1468-800x587-1-300x220.jpg 300w, https:\/\/silicontec.de\/wp-content\/uploads\/2022\/10\/6-1-2000x1468-800x587-1-768x564.jpg 768w, https:\/\/silicontec.de\/wp-content\/uploads\/2022\/10\/6-1-2000x1468-800x587-1.jpg 800w\" sizes=\"auto, (max-width: 316px) 100vw, 316px\" \/><\/p><p>\u00a0<\/p><p>Silikonfugen werden in Ecken, an Dehnungsstellen und Anschlussfugen zu anderen Bauelementen verwendet. Sie sind <strong>Wartungsfugen<\/strong>. Das hei\u00dft sie werden im Laufe der Zeit undicht und geh\u00f6ren somit regelm\u00e4\u00dfig begutachtet und wenn n\u00f6tig ausgetauscht. Vor allem im industriellen und \u00f6ffentlichen Bereich \u2013 wie in Gasth\u00e4usern, Hotels, Schwimmb\u00e4dern oder Kulturinstituten \u2013 ist eine penible Sauberkeit und Hygiene unabk\u00f6mmlich. Speziell im sanit\u00e4ren Bereich ist eine 100 prozentige Hygiene ein Muss. Sch\u00f6n gepflegte und saubere Silikonfugen sind ein besonderes Augenmerk, dass auch Ihre Kunden zu sch\u00e4tzen wissen werden.<\/p>\t\t\t\t\t\t<\/div>\n\t\t\t\t<\/div>\n\t\t\t\t<section class=\"elementor-section elementor-inner-section elementor-element elementor-element-3a5218f elementor-section-boxed elementor-section-height-default elementor-section-height-default\" data-id=\"3a5218f\" data-element_type=\"section\">\n\t\t\t\t\t\t<div class=\"elementor-container elementor-column-gap-extended\">\n\t\t\t\t\t<div class=\"elementor-column elementor-col-50 elementor-inner-column elementor-element elementor-element-d83bb31\" data-id=\"d83bb31\" data-element_type=\"column\">\n\t\t\t<div class=\"elementor-widget-wrap elementor-element-populated\">\n\t\t\t\t\t\t\t\t<div class=\"elementor-element elementor-element-3373c48 elementor-widget elementor-widget-heading\" data-id=\"3373c48\" data-element_type=\"widget\" data-widget_type=\"heading.default\">\n\t\t\t\t<div class=\"elementor-widget-container\">\n\t\t\t<h2 class=\"elementor-heading-title elementor-size-default\">Pilzbefall<\/h2>\t\t<\/div>\n\t\t\t\t<\/div>\n\t\t\t\t<div class=\"elementor-element elementor-element-1b12c8f elementor-widget elementor-widget-text-editor\" data-id=\"1b12c8f\" data-element_type=\"widget\" data-widget_type=\"text-editor.default\">\n\t\t\t\t<div class=\"elementor-widget-container\">\n\t\t\t\t\t\t\t<div class=\"mbr-reviews__text\"><p class=\"mbr-reviews__p\">Sind die Silikonfugen stark von <strong>Schimmelpilz<\/strong> betroffen, hilft nur das Entfernen. Dazu muss das Silikon komplett herausgeschnitten werden. Danach wird der Untergrund gr\u00fcndlich gereinigt und neu mit Sanit\u00e4rsilikon versiegelt.<\/p><p class=\"mbr-reviews__p\">Ewig halten nicht alle Materialien den Pilzen stand: Nicht nur in kalten Ecken, sondern auch an Fugen sammeln sich Wasser und Schmutz gerne an. In der Regel sollten die Fugen nach zehn Jahren \u2013 bei guter Pflege sogar erst nach 20 Jahren \u2013 ausgetauscht werden.<\/p><\/div>\t\t\t\t\t\t<\/div>\n\t\t\t\t<\/div>\n\t\t\t\t\t<\/div>\n\t\t<\/div>\n\t\t\t\t<div class=\"elementor-column elementor-col-50 elementor-inner-column elementor-element elementor-element-036e29f\" data-id=\"036e29f\" data-element_type=\"column\">\n\t\t\t<div class=\"elementor-widget-wrap elementor-element-populated\">\n\t\t\t\t\t\t\t\t<div class=\"elementor-element elementor-element-1c0e542 elementor-widget elementor-widget-heading\" data-id=\"1c0e542\" data-element_type=\"widget\" data-widget_type=\"heading.default\">\n\t\t\t\t<div class=\"elementor-widget-container\">\n\t\t\t<h2 class=\"elementor-heading-title elementor-size-default\">Risse<\/h2>\t\t<\/div>\n\t\t\t\t<\/div>\n\t\t\t\t<div class=\"elementor-element elementor-element-c2453e7 elementor-widget elementor-widget-text-editor\" data-id=\"c2453e7\" data-element_type=\"widget\" data-widget_type=\"text-editor.default\">\n\t\t\t\t<div class=\"elementor-widget-container\">\n\t\t\t\t\t\t\t<p>Denn durch gerissene Silikonfugen kann das Wasser ungehindert ins Bauwerk eintreten und hier erhebliche Sch\u00e4den produzieren. Dabei k\u00f6nnen sich in den W\u00e4nden und B\u00f6den Pilze und auch Sporen bilden, die mittelfristig zu erheblichen Gesundheitsproblemen f\u00fchren k\u00f6nnen. Des weiteren verursachen <strong>gerissene Silikonfugen<\/strong> im Bad erhebliche Wassersch\u00e4den, deren Reparatur bzw. Instandsetzung meist enorme Kosten verursacht.<\/p>\t\t\t\t\t\t<\/div>\n\t\t\t\t<\/div>\n\t\t\t\t\t<\/div>\n\t\t<\/div>\n\t\t\t\t\t\t\t<\/div>\n\t\t<\/section>\n\t\t\t\t\t<\/div>\n\t\t<\/div>\n\t\t\t\t\t\t\t<\/div>\n\t\t<\/section>\n\t\t\t\t\t\t\t<\/div>\n\t\t","protected":false},"excerpt":{"rendered":"<p>Silikonfugen sind Wartungsfugen! \u00a0 Silikonfugen werden in Ecken, an Dehnungsstellen und Anschlussfugen zu anderen Bauelementen verwendet. Sie sind Wartungsfugen. Das hei\u00dft sie werden im Laufe der Zeit undicht und geh\u00f6ren somit regelm\u00e4\u00dfig begutachtet und wenn n\u00f6tig ausgetauscht. Vor allem im industriellen und \u00f6ffentlichen Bereich \u2013 wie in Gasth\u00e4usern, Hotels, Schwimmb\u00e4dern oder Kulturinstituten \u2013 ist eine&hellip; <a class=\"more-link\" href=\"https:\/\/silicontec.de\/?page_id=599\"><span class=\"screen-reader-text\">Informationen<\/span> weiterlesen<\/a><\/p>\n","protected":false},"author":1,"featured_media":0,"parent":0,"menu_order":0,"comment_status":"closed","ping_status":"closed","template":"elementor_header_footer","meta":{"footnotes":""},"class_list":["post-599","page","type-page","status-publish","hentry","entry"],"_links":{"self":[{"href":"https:\/\/silicontec.de\/index.php?rest_route=\/wp\/v2\/pages\/599","targetHints":{"allow":["GET"]}}],"collection":[{"href":"https:\/\/silicontec.de\/index.php?rest_route=\/wp\/v2\/pages"}],"about":[{"href":"https:\/\/silicontec.de\/index.php?rest_route=\/wp\/v2\/types\/page"}],"author":[{"embeddable":true,"href":"https:\/\/silicontec.de\/index.php?rest_route=\/wp\/v2\/users\/1"}],"replies":[{"embeddable":true,"href":"https:\/\/silicontec.de\/index.php?rest_route=%2Fwp%2Fv2%2Fcomments&post=599"}],"version-history":[{"count":94,"href":"https:\/\/silicontec.de\/index.php?rest_route=\/wp\/v2\/pages\/599\/revisions"}],"predecessor-version":[{"id":1073,"href":"https:\/\/silicontec.de\/index.php?rest_route=\/wp\/v2\/pages\/599\/revisions\/1073"}],"wp:attachment":[{"href":"https:\/\/silicontec.de\/index.php?rest_route=%2Fwp%2Fv2%2Fmedia&parent=599"}],"curies":[{"name":"wp","href":"https:\/\/api.w.org\/{rel}","templated":true}]}}